{"id":7256,"date":"2023-06-15T13:50:07","date_gmt":"2023-06-15T18:50:07","guid":{"rendered":"http:\/\/www.santarosa.gob.ec\/web\/?page_id=7256"},"modified":"2024-08-14T17:02:43","modified_gmt":"2024-08-14T22:02:43","slug":"gaceta-municipal-ano-7","status":"publish","type":"page","link":"https:\/\/www.santarosa.gob.ec\/web\/gaceta-municipal-ano-7\/","title":{"rendered":"Gaceta Municipal A\u00f1o 7"},"content":{"rendered":"<p>[vc_row][vc_column][vc_empty_space hide_on_mobile=\u00bb\u00bb][vc_empty_space hide_on_mobile=\u00bb\u00bb][vc_empty_space hide_on_mobile=\u00bb\u00bb][\/vc_column][\/vc_row][vc_row][vc_column width=\u00bb1\/6&#8243;][\/vc_column][vc_column width=\u00bb2\/3&#8243;]<div id=\"sc_content_1413780550\"\n\t\tclass=\"sc_content sc_content_default\"><div class=\"sc_content_container\">[vc_column_text]<\/p>\n<h5 style=\"text-align: center;\"><strong>GOBIERNO AUT\u00d3NOMO DESCENTRALIZADO MUNICIPAL DEL CANT\u00d3N SANTA ROSA<\/strong><\/h5>\n<h6 style=\"text-align: center;\"><strong>GACETA MUNICIPAL &#8211; A\u00d1O 7<\/strong><\/h6>\n<p>[\/vc_column_text]<\/div><\/div><!-- \/.sc_content -->[\/vc_column][vc_column width=\u00bb1\/6&#8243;][\/vc_column][\/vc_row][vc_row][vc_column][vc_empty_space hide_on_mobile=\u00bb\u00bb][vc_empty_space hide_on_mobile=\u00bb\u00bb][vc_empty_space hide_on_mobile=\u00bb\u00bb][\/vc_column][\/vc_row][vc_row][vc_column width=\u00bb1\/6&#8243;][\/vc_column][vc_column width=\u00bb2\/3&#8243;]<div id=\"sc_content_399545091\"\n\t\tclass=\"sc_content sc_content_default\"><div class=\"sc_content_container\">[vc_column_text]<\/p>\n<h6><strong>PUBLICACIONES<\/strong><\/h6>\n<p>[\/vc_column_text]<\/div><\/div><!-- \/.sc_content -->[vc_empty_space hide_on_mobile=\u00bb\u00bb]<div id=\"sc_content_1431463951\"\n\t\tclass=\"sc_content sc_content_default  vc_custom_1590786906807\"><div class=\"sc_content_container\">[vc_column_text]<\/p>\n<div class=\"pd-filebox\">\n<div class=\"pd-filenamebox\">\n<div class=\"pd-filename\">\n<div class=\"pd-document16\">\n<ul>\n<li style=\"list-style-type: none;\">\n<ul>\n<li class=\"pd-float\"><a href=\"https:\/\/santarosa.gob.ec\/phocadownload\/A%C3%B1o%207\/GACETA%20No.%2001%20-%20ORDENANZA%20QUE%20FIJA%20LAS%20TARIFAS%20PARA%20EL%20SERVICIO%20DE%20TRANSPORTE%20COMERCIAL%20EN%20LA%20MODALIDAD%20DE%20TAXI%20CONVENCIONAL%20Y%20EJECUTIVO.pdf\">GACETA No. 01 &#8211; ORDENANZA QUE FIJA LAS TARIFAS PARA EL SERVICIO DE TRANSPORTE COMERCIAL EN LA MODALIDAD DE TAXI CONVENCIONAL Y EJECUTIVO<\/a><\/li>\n<li><a href=\"https:\/\/santarosa.gob.ec\/phocadownload\/A%C3%B1o%207\/GACETA%20No.%2002%20-%20ORDENANZA%20PARA%20LA%20PROTECCI%C3%93N%20Y%20PROMOCI%C3%93N%20DE%20LOS%20DERECHOS%20DE%20LAS%20PERSONAS%20EN%20MOVILIDAD%20HUMANA%20EN%20EL%20CANT%C3%93N%20SANTA%20ROSA.pdf\">GACETA No. 02 &#8211; ORDENANZA PARA LA PROTECCI\u00d3N Y PROMOCI\u00d3N DE LOS DERECHOS DE LAS PERSONAS EN MOVILIDAD HUMANA EN EL CANT\u00d3N SANTA ROSA<\/a><\/li>\n<li><a href=\"https:\/\/santarosa.gob.ec\/phocadownload\/A%C3%B1o%207\/GACETA%20No.%2003%20-%20REFORMA%20A%20LA%20ORDENANZA%20PARA%20GARANTIZAR%20LOS%20DERECHOS%20DE%20LAS%20PERSONAS%20ADULTAS%20MAYORES%20EN%20EL%20CANT%C3%93N%20SANTA%20ROSA.pdf\">GACETA No. 03 &#8211; REFORMA A LA ORDENANZA PARA GARANTIZAR LOS DERECHOS DE LAS PERSONAS ADULTAS MAYORES EN EL CANT\u00d3N SANTA ROSA<\/a><\/li>\n<li><a href=\"https:\/\/santarosa.gob.ec\/phocadownload\/A%C3%B1o%207\/GACETA%20No.%2004%20-%20ORDENANZA%20QUE%20IMPLEMENTA%20LA%20POL%C3%8DTICA%20P%C3%9ABLICA%20DE%20ERRADICACI%C3%93N%20PROGRESIVA%20DEL%20TRABAJO%20INFANTIL%20EN%20EL%20CANT%C3%93N.pdf\">GACETA No. 04 &#8211; ORDENANZA QUE IMPLEMENTA LA POL\u00cdTICA P\u00daBLICA DE ERRADICACI\u00d3N PROGRESIVA DEL TRABAJO INFANTIL EN EL CANT\u00d3N<\/a><\/li>\n<li><a href=\"https:\/\/santarosa.gob.ec\/phocadownload\/A%C3%B1o%207\/GACETA%20No.%2005%20-%20REFORMA%20A%20LA%20ORDENANZA%20REFORMATORIA%20QUE%20APRUEBA%20EL%20PLAN%20EMERGENTE%20DE%20MOVILIDAD%20URBANA%20Y%20REGULACI%C3%93N%20DEL%20TR%C3%81NSITO%20Y%20TRANSPORTE%20TERRE.pdf\">GACETA No. 05 &#8211; REFORMA A LA ORDENANZA REFORMATORIA QUE APRUEBA EL PLAN EMERGENTE DE MOVILIDAD URBANA Y REGULACI\u00d3N DEL TR\u00c1NSITO Y TRANSPORTE TERRESTRE<\/a><\/li>\n<li><a href=\"https:\/\/santarosa.gob.ec\/phocadownload\/A%C3%B1o%207\/GACETA%20No.%2006%20-%20ORDENANZA%20SUSTITUTIVA%20DE%20LA%20ORDENANZA%20REFORMATORIA%20A%20LA%20ORDENANZA%20QUE%20REGULA%20EL%20COBRO%20DE%20LA%20TASA%20POR%20EL%20SERVICIO%20DE%20REC.pdf\">GACETA No. 06 &#8211; ORDENANZA SUSTITUTIVA DE LA ORDENANZA REFORMATORIA A LA ORDENANZA QUE REGULA EL COBRO DE LA TASA POR EL SERVICIO DE REC<\/a><\/li>\n<li><a href=\"https:\/\/santarosa.gob.ec\/phocadownload\/A%C3%B1o%207\/GACETA%20No.%2007%20-%20ORDENANZA%20QUE%20REGULA%20LA%20NOMENCLATURA,%20ROTULACI%C3%92N%20DE%20LAS%20V%C3%8DAS%20E%20INMUEBLES%20MUNICIPALES%20Y,%20LA%20NUMERACI%C3%93N%20DE%20LAS%20PLACAS%20PREDIALES.pdf\">GACETA No. 07 &#8211; ORDENANZA QUE REGULA LA NOMENCLATURA, ROTULACI\u00d2N DE LAS V\u00cdAS E INMUEBLES MUNICIPALES Y, LA NUMERACI\u00d3N DE LAS PLACAS PREDIALES<\/a><\/li>\n<li><a href=\"https:\/\/santarosa.gob.ec\/phocadownload\/A%C3%B1o%207\/GACETA%20No.%2008%20-%20ORDENANZA%20DE%20SERVIDUMBRES%20REALES%20DEL%20CANT%C3%93N%20SANTA%20ROSA,%20PROVINCIA%20DE%20EL%20ORO,%20REPUBLICA%20DEL%20ECUADOR.pdf\">GACETA No. 08 &#8211; ORDENANZA DE SERVIDUMBRES REALES DEL CANT\u00d3N SANTA ROSA, PROVINCIA DE EL ORO, REPUBLICA DEL ECUADOR<\/a><\/li>\n<li><a href=\"https:\/\/santarosa.gob.ec\/phocadownload\/A%C3%B1o%207\/GACETA%20No.%2009%20-%20ORDENANZA%20QUE%20REGULA%20EL%20COBRO%20DE%20LA%20NUEVA%20TASA%20POR%20GESTI%C3%93N%20INTEGRAL%20DE%20RESIDUOS%20S%C3%93LIDOS.pdf\">GACETA No. 09 &#8211; ORDENANZA QUE REGULA EL COBRO DE LA NUEVA TASA POR GESTI\u00d3N INTEGRAL DE RESIDUOS S\u00d3LIDOS<\/a><\/li>\n<li><a href=\"https:\/\/santarosa.gob.ec\/phocadownload\/A%C3%B1o%207\/GACETA%20No.%2011%20-%20ORDENANZA%20QUE%20REGULA%20LA%20FORMACION%20DE%20CATASTROS%20PREDIALES%20URBANOS%20Y%20RURALES.pdf\">GACETA No. 11 &#8211; ORDENANZA QUE REGULA LA FORMACION DE CATASTROS PREDIALES URBANOS Y RURALES<\/a><\/li>\n<\/ul>\n<\/li>\n<\/ul>\n<\/div>\n<\/div>\n<\/div>\n<\/div>\n<p>[\/vc_column_text]<\/div><\/div><!-- \/.sc_content -->[\/vc_column][vc_column width=\u00bb1\/6&#8243;][\/vc_column][\/vc_row][vc_row][vc_column][vc_empty_space hide_on_mobile=\u00bb\u00bb][vc_empty_space hide_on_mobile=\u00bb\u00bb][vc_empty_space hide_on_mobile=\u00bb\u00bb][\/vc_column][\/vc_row]<\/p>\n","protected":false},"excerpt":{"rendered":"<p>[vc_row][vc_column][vc_empty_space hide_on_mobile=\u00bb\u00bb][vc_empty_space hide_on_mobile=\u00bb\u00bb][vc_empty_space hide_on_mobile=\u00bb\u00bb][\/vc_column][\/vc_row][vc_row][vc_column width=\u00bb1\/6&#8243;][\/vc_column][vc_column width=\u00bb2\/3&#8243;][\/vc_column][vc_column width=\u00bb1\/6&#8243;][\/vc_column][\/vc_row][vc_row][vc_column][vc_empty_space hide_on_mobile=\u00bb\u00bb][vc_empty_space hide_on_mobile=\u00bb\u00bb][vc_empty_space hide_on_mobile=\u00bb\u00bb][\/vc_column][\/vc_row][vc_row][vc_column width=\u00bb1\/6&#8243;][\/vc_column][vc_column width=\u00bb2\/3&#8243;][vc_empty_space hide_on_mobile=\u00bb\u00bb][\/vc_column][vc_column width=\u00bb1\/6&#8243;][\/vc_column][\/vc_row][vc_row][vc_column][vc_empty_space hide_on_mobile=\u00bb\u00bb][vc_empty_space hide_on_mobile=\u00bb\u00bb][vc_empty_space hide_on_mobile=\u00bb\u00bb][\/vc_column][\/vc_row]<\/p>\n","protected":false},"author":990004,"featured_media":0,"parent":0,"menu_order":0,"comment_status":"closed","ping_status":"closed","template":"","meta":{"footnotes":""},"class_list":["post-7256","page","type-page","status-publish","hentry"],"yoast_head":"<!-- This site is optimized with the Yoast SEO plugin v26.8 - https:\/\/yoast.com\/product\/yoast-seo-wordpress\/ -->\n<title>Gaceta Municipal A\u00f1o 7 - GAD Municipal del Cant\u00f3n Santa Rosa<\/title>\n<meta name=\"robots\" content=\"index, follow, max-snippet:-1, max-image-preview:large, max-video-preview:-1\" \/>\n<link rel=\"canonical\" href=\"https:\/\/www.santarosa.gob.ec\/web\/gaceta-municipal-ano-7\/\" \/>\n<meta property=\"og:locale\" content=\"es_ES\" \/>\n<meta property=\"og:type\" content=\"article\" \/>\n<meta property=\"og:title\" content=\"Gaceta Municipal A\u00f1o 7 - GAD Municipal del Cant\u00f3n Santa Rosa\" \/>\n<meta property=\"og:description\" content=\"[vc_row][vc_column][vc_empty_space hide_on_mobile=\u00bb\u00bb][vc_empty_space hide_on_mobile=\u00bb\u00bb][vc_empty_space hide_on_mobile=\u00bb\u00bb][\/vc_column][\/vc_row][vc_row][vc_column width=\u00bb1\/6&#8243;][\/vc_column][vc_column width=\u00bb2\/3&#8243;][\/vc_column][vc_column width=\u00bb1\/6&#8243;][\/vc_column][\/vc_row][vc_row][vc_column][vc_empty_space hide_on_mobile=\u00bb\u00bb][vc_empty_space hide_on_mobile=\u00bb\u00bb][vc_empty_space hide_on_mobile=\u00bb\u00bb][\/vc_column][\/vc_row][vc_row][vc_column width=\u00bb1\/6&#8243;][\/vc_column][vc_column width=\u00bb2\/3&#8243;][vc_empty_space hide_on_mobile=\u00bb\u00bb][\/vc_column][vc_column width=\u00bb1\/6&#8243;][\/vc_column][\/vc_row][vc_row][vc_column][vc_empty_space hide_on_mobile=\u00bb\u00bb][vc_empty_space hide_on_mobile=\u00bb\u00bb][vc_empty_space hide_on_mobile=\u00bb\u00bb][\/vc_column][\/vc_row]\" \/>\n<meta property=\"og:url\" content=\"https:\/\/www.santarosa.gob.ec\/web\/gaceta-municipal-ano-7\/\" \/>\n<meta property=\"og:site_name\" content=\"GAD Municipal del Cant\u00f3n Santa Rosa\" \/>\n<meta property=\"article:modified_time\" content=\"2024-08-14T22:02:43+00:00\" \/>\n<meta name=\"twitter:card\" content=\"summary_large_image\" \/>\n<meta name=\"twitter:label1\" content=\"Tiempo de lectura\" \/>\n\t<meta name=\"twitter:data1\" content=\"3 minutos\" \/>\n<script type=\"application\/ld+json\" class=\"yoast-schema-graph\">{\"@context\":\"https:\/\/schema.org\",\"@graph\":[{\"@type\":\"WebPage\",\"@id\":\"https:\/\/www.santarosa.gob.ec\/web\/gaceta-municipal-ano-7\/\",\"url\":\"https:\/\/www.santarosa.gob.ec\/web\/gaceta-municipal-ano-7\/\",\"name\":\"Gaceta Municipal A\u00f1o 7 - GAD Municipal del Cant\u00f3n Santa Rosa\",\"isPartOf\":{\"@id\":\"https:\/\/www.santarosa.gob.ec\/web\/#website\"},\"datePublished\":\"2023-06-15T18:50:07+00:00\",\"dateModified\":\"2024-08-14T22:02:43+00:00\",\"breadcrumb\":{\"@id\":\"https:\/\/www.santarosa.gob.ec\/web\/gaceta-municipal-ano-7\/#breadcrumb\"},\"inLanguage\":\"es\",\"potentialAction\":[{\"@type\":\"ReadAction\",\"target\":[\"https:\/\/www.santarosa.gob.ec\/web\/gaceta-municipal-ano-7\/\"]}]},{\"@type\":\"BreadcrumbList\",\"@id\":\"https:\/\/www.santarosa.gob.ec\/web\/gaceta-municipal-ano-7\/#breadcrumb\",\"itemListElement\":[{\"@type\":\"ListItem\",\"position\":1,\"name\":\"Portada\",\"item\":\"https:\/\/www.santarosa.gob.ec\/web\/\"},{\"@type\":\"ListItem\",\"position\":2,\"name\":\"Gaceta Municipal A\u00f1o 7\"}]},{\"@type\":\"WebSite\",\"@id\":\"https:\/\/www.santarosa.gob.ec\/web\/#website\",\"url\":\"https:\/\/www.santarosa.gob.ec\/web\/\",\"name\":\"GAD Municipal del Cant\u00f3n Santa Rosa\",\"description\":\"\",\"potentialAction\":[{\"@type\":\"SearchAction\",\"target\":{\"@type\":\"EntryPoint\",\"urlTemplate\":\"https:\/\/www.santarosa.gob.ec\/web\/?s={search_term_string}\"},\"query-input\":{\"@type\":\"PropertyValueSpecification\",\"valueRequired\":true,\"valueName\":\"search_term_string\"}}],\"inLanguage\":\"es\"}]}<\/script>\n<!-- \/ Yoast SEO plugin. -->","yoast_head_json":{"title":"Gaceta Municipal A\u00f1o 7 - GAD Municipal del Cant\u00f3n Santa Rosa","robots":{"index":"index","follow":"follow","max-snippet":"max-snippet:-1","max-image-preview":"max-image-preview:large","max-video-preview":"max-video-preview:-1"},"canonical":"https:\/\/www.santarosa.gob.ec\/web\/gaceta-municipal-ano-7\/","og_locale":"es_ES","og_type":"article","og_title":"Gaceta Municipal A\u00f1o 7 - GAD Municipal del Cant\u00f3n Santa Rosa","og_description":"[vc_row][vc_column][vc_empty_space hide_on_mobile=\u00bb\u00bb][vc_empty_space hide_on_mobile=\u00bb\u00bb][vc_empty_space hide_on_mobile=\u00bb\u00bb][\/vc_column][\/vc_row][vc_row][vc_column width=\u00bb1\/6&#8243;][\/vc_column][vc_column width=\u00bb2\/3&#8243;][\/vc_column][vc_column width=\u00bb1\/6&#8243;][\/vc_column][\/vc_row][vc_row][vc_column][vc_empty_space hide_on_mobile=\u00bb\u00bb][vc_empty_space hide_on_mobile=\u00bb\u00bb][vc_empty_space hide_on_mobile=\u00bb\u00bb][\/vc_column][\/vc_row][vc_row][vc_column width=\u00bb1\/6&#8243;][\/vc_column][vc_column width=\u00bb2\/3&#8243;][vc_empty_space hide_on_mobile=\u00bb\u00bb][\/vc_column][vc_column width=\u00bb1\/6&#8243;][\/vc_column][\/vc_row][vc_row][vc_column][vc_empty_space hide_on_mobile=\u00bb\u00bb][vc_empty_space hide_on_mobile=\u00bb\u00bb][vc_empty_space hide_on_mobile=\u00bb\u00bb][\/vc_column][\/vc_row]","og_url":"https:\/\/www.santarosa.gob.ec\/web\/gaceta-municipal-ano-7\/","og_site_name":"GAD Municipal del Cant\u00f3n Santa Rosa","article_modified_time":"2024-08-14T22:02:43+00:00","twitter_card":"summary_large_image","twitter_misc":{"Tiempo de lectura":"3 minutos"},"schema":{"@context":"https:\/\/schema.org","@graph":[{"@type":"WebPage","@id":"https:\/\/www.santarosa.gob.ec\/web\/gaceta-municipal-ano-7\/","url":"https:\/\/www.santarosa.gob.ec\/web\/gaceta-municipal-ano-7\/","name":"Gaceta Municipal A\u00f1o 7 - GAD Municipal del Cant\u00f3n Santa Rosa","isPartOf":{"@id":"https:\/\/www.santarosa.gob.ec\/web\/#website"},"datePublished":"2023-06-15T18:50:07+00:00","dateModified":"2024-08-14T22:02:43+00:00","breadcrumb":{"@id":"https:\/\/www.santarosa.gob.ec\/web\/gaceta-municipal-ano-7\/#breadcrumb"},"inLanguage":"es","potentialAction":[{"@type":"ReadAction","target":["https:\/\/www.santarosa.gob.ec\/web\/gaceta-municipal-ano-7\/"]}]},{"@type":"BreadcrumbList","@id":"https:\/\/www.santarosa.gob.ec\/web\/gaceta-municipal-ano-7\/#breadcrumb","itemListElement":[{"@type":"ListItem","position":1,"name":"Portada","item":"https:\/\/www.santarosa.gob.ec\/web\/"},{"@type":"ListItem","position":2,"name":"Gaceta Municipal A\u00f1o 7"}]},{"@type":"WebSite","@id":"https:\/\/www.santarosa.gob.ec\/web\/#website","url":"https:\/\/www.santarosa.gob.ec\/web\/","name":"GAD Municipal del Cant\u00f3n Santa Rosa","description":"","potentialAction":[{"@type":"SearchAction","target":{"@type":"EntryPoint","urlTemplate":"https:\/\/www.santarosa.gob.ec\/web\/?s={search_term_string}"},"query-input":{"@type":"PropertyValueSpecification","valueRequired":true,"valueName":"search_term_string"}}],"inLanguage":"es"}]}},"_links":{"self":[{"href":"https:\/\/www.santarosa.gob.ec\/web\/wp-json\/wp\/v2\/pages\/7256","targetHints":{"allow":["GET"]}}],"collection":[{"href":"https:\/\/www.santarosa.gob.ec\/web\/wp-json\/wp\/v2\/pages"}],"about":[{"href":"https:\/\/www.santarosa.gob.ec\/web\/wp-json\/wp\/v2\/types\/page"}],"author":[{"embeddable":true,"href":"https:\/\/www.santarosa.gob.ec\/web\/wp-json\/wp\/v2\/users\/990004"}],"replies":[{"embeddable":true,"href":"https:\/\/www.santarosa.gob.ec\/web\/wp-json\/wp\/v2\/comments?post=7256"}],"version-history":[{"count":0,"href":"https:\/\/www.santarosa.gob.ec\/web\/wp-json\/wp\/v2\/pages\/7256\/revisions"}],"wp:attachment":[{"href":"https:\/\/www.santarosa.gob.ec\/web\/wp-json\/wp\/v2\/media?parent=7256"}],"curies":[{"name":"wp","href":"https:\/\/api.w.org\/{rel}","templated":true}]}}