{"id":1876,"date":"2020-06-01T05:37:10","date_gmt":"2020-06-01T05:37:10","guid":{"rendered":"https:\/\/www.santarosa.gob.ec\/web\/?page_id=1876"},"modified":"2023-02-24T16:31:52","modified_gmt":"2023-02-24T21:31:52","slug":"gad-municipal-2015-diciembre","status":"publish","type":"page","link":"https:\/\/www.santarosa.gob.ec\/web\/gad-municipal-2015-diciembre\/","title":{"rendered":"LOTAIP 2015 Diciembre"},"content":{"rendered":"<p>vc_row][vc_column][vc_empty_space hide_on_mobile=\u00bb\u00bb][vc_empty_space hide_on_mobile=\u00bb\u00bb][vc_empty_space hide_on_mobile=\u00bb\u00bb][\/vc_column][\/vc_row][vc_row][vc_column width=\u00bb1\/4&#8243; css=\u00bb.vc_custom_1591468464434{background-color: #ffffff !important;}\u00bb][vc_tta_accordion c_icon=\u00bbchevron\u00bb active_section=\u00bb1&#8243; collapsible_all=\u00bbtrue\u00bb css=\u00bb.vc_custom_1591468408140{background-color: #f7f7f7 !important;}\u00bb]<\/p>\n<p>[vc_tta_section title=\u00bbLOTAIP 2023&#8243; tab_id=\u00bb1677272985742-2e18d2eb-fb0b\u00bb][vc_wp_custommenu nav_menu=\u00bb289&#8243;][\/vc_tta_section]<\/p>\n<p>[vc_tta_section title=\u00bbLOTAIP 2022&#8243; tab_id=\u00bb1644334259117-b0c515e9-587f\u00bb][vc_wp_custommenu nav_menu=\u00bb205&#8243;][\/vc_tta_section]<\/p>\n<p>[vc_tta_section title=\u00bbLOTAIP 2021&#8243; tab_id=\u00bb1622842918236-61e0023d-22b2&#8243;][vc_wp_custommenu nav_menu=\u00bb148&#8243;][\/vc_tta_section]<\/p>\n<p>[vc_tta_section title=\u00bbLOTAIP 2020&#8243; tab_id=\u00bb1591401279728-5bfab73a-67ad\u00bb][vc_wp_custommenu nav_menu=\u00bb44&#8243;][\/vc_tta_section]<\/p>\n<p>[vc_tta_section title=\u00bbLOTAIP 2019&#8243; tab_id=\u00bb1591401279753-e554b2aa-c665&#8243;][vc_wp_custommenu nav_menu=\u00bb45&#8243;][\/vc_tta_section]<\/p>\n<p>[vc_tta_section title=\u00bbLOTAIP 2018&#8243; tab_id=\u00bb1591467872661-1f877d49-0154&#8243;][vc_wp_custommenu nav_menu=\u00bb46&#8243;][\/vc_tta_section]<\/p>\n<p>[vc_tta_section title=\u00bbLOTAIP 2017&#8243; tab_id=\u00bb1591467916158-c64c9ac1-8c6f\u00bb][vc_wp_custommenu nav_menu=\u00bb47&#8243;][\/vc_tta_section]<\/p>\n<p>[vc_tta_section title=\u00bbLOTAIP 2016&#8243; tab_id=\u00bb1591467945051-b16212da-8594&#8243;][vc_wp_custommenu nav_menu=\u00bb48&#8243;][\/vc_tta_section]<\/p>\n<p>[vc_tta_section title=\u00bbLOTAIP 2015&#8243; tab_id=\u00bb1591467972301-4287e8cf-2ac5&#8243;][vc_wp_custommenu nav_menu=\u00bb49&#8243;][\/vc_tta_section]<\/p>\n<p>[\/vc_tta_accordion][\/vc_column][vc_column width=\u00bb3\/4&#8243;]<div id=\"sc_content_1381193278\"\n\t\tclass=\"sc_content sc_content_default sc_float_center\"><div class=\"sc_content_container\">[vc_column_text]<\/p>\n<h5 style=\"text-align: center;\">Gobierno Aut\u00f3nomo Descentralizado Municipal del Cant\u00f3n Santa Rosa<\/h5>\n<p>[\/vc_column_text]<\/div><\/div><!-- \/.sc_content -->[vc_empty_space hide_on_mobile=\u00bb\u00bb][vc_single_image image=\u00bb1114&#8243; alignment=\u00bbcenter\u00bb][vc_empty_space hide_on_mobile=\u00bb\u00bb][vc_empty_space hide_on_mobile=\u00bb\u00bb]<div id=\"sc_content_1523003805\"\n\t\tclass=\"sc_content sc_content_default\"><div class=\"sc_content_container\">[vc_column_text]<\/p>\n<h6 style=\"text-align: left;\">Art. 7 Difusi\u00f3n de Informaci\u00f3n P\u00fablica<\/h6>\n<p>[\/vc_column_text]<\/div><\/div><!-- \/.sc_content -->[vc_empty_space hide_on_mobile=\u00bb\u00bb]<div id=\"sc_content_1719036353\"\n\t\tclass=\"sc_content sc_content_default\"><div class=\"sc_content_container\">[vc_column_text]<\/p>\n<div class=\"dm_description\">Por la transparencia en la gesti\u00f3n administrativa que est\u00e1n obligadas a observar todas las Instituciones del estado que conforman el sector p\u00fablico en los t\u00e9rminos del art\u00edculo 118 de la Constituci\u00f3n Pol\u00edtica de la Rep\u00fablica y dem\u00e1s entes se\u00f1alados en el art\u00edculo 1 de la presente Ley, difundir\u00e1n a trav\u00e9s de un portal de informaci\u00f3n o p\u00e1gina web, as\u00ed como de los medios necesarios a disposici\u00f3n del p\u00fablico implementados en la misma instituci\u00f3n, la siguiente.<\/div>\n<p>[\/vc_column_text]<\/div><\/div><!-- \/.sc_content -->[vc_empty_space hide_on_mobile=\u00bb\u00bb]<div id=\"sc_content_343625449\"\n\t\tclass=\"sc_content sc_content_default\"><div class=\"sc_content_container\">[vc_column_text]<\/p>\n<h6><strong>DICIEMBRE<\/strong><\/h6>\n<p>[\/vc_column_text]<\/div><\/div><!-- \/.sc_content -->[vc_empty_space hide_on_mobile=\u00bb\u00bb]<div id=\"sc_content_1495470491\"\n\t\tclass=\"sc_content sc_content_default  vc_custom_1590776886530\"><div class=\"sc_content_container\">[vc_column_text]<a title=\"ORGANIGRAMA\" href=\"https:\/\/www.santarosa.gob.ec\/LOTAIP2020\/Febrero\/literal%20a1)%20Organigrama%20de%20la%20instituci%C3%B3n.pdf\" target=\"_blank\" rel=\"noopener noreferrer\">literal a1) Organigrama de la instituci\u00f3n<\/a><\/p>\n<p><a title=\"BASE LEGAL\" href=\"https:\/\/www.santarosa.gob.ec\/LOTAIP2020\/Febrero\/literal%20a2)%20Base%20legal%20que%20rige%20a%20la%20Instituci%C3%B3n.pdf\" target=\"_blank\" rel=\"noopener noreferrer\">literal a2) Base legal que rige a la Instituci\u00f3n<\/a><\/p>\n<p><a title=\"REGULACIONES\" href=\"https:\/\/www.santarosa.gob.ec\/LOTAIP2020\/Febrero\/literal%20a3)%20regulaciones%20y%20procedimientos%20internos.pdf\" target=\"_blank\" rel=\"noopener noreferrer\">literal a3) Regulaciones y procedimientos internos<\/a><\/p>\n<p><a title=\"METAS Y OBJETIVOS\" href=\"https:\/\/www.santarosa.gob.ec\/LOTAIP2020\/Febrero\/literal%20a4)%20Metas%20y%20objetivos%20de%20las%20unidades%20administrativas.pdf\" target=\"_blank\" rel=\"noopener noreferrer\">literal a4) Metas y objetivos de las unidades administrativas<\/a><\/p>\n<p><a title=\" DIRECTORIO\" href=\"https:\/\/www.santarosa.gob.ec\/LOTAIP2020\/Febrero\/literal%20b1)%20Directorio%20de%20la%20Instituci%C3%B3n.pdf\" target=\"_blank\" rel=\"noopener noreferrer\">literal b1) Directorio de la Instituci\u00f3n<\/a><\/p>\n<p><a title=\"DISTRIBUTIVO\" href=\"https:\/\/www.santarosa.gob.ec\/LOTAIP2020\/Febrero\/literal%20b2)%20Distributivo%20de%20personal.pdf\" target=\"_blank\" rel=\"noopener noreferrer\">literal b2) Distributivo de personal<\/a><\/p>\n<p><a title=\"REMUNERACI\u00d3N\" href=\"https:\/\/www.santarosa.gob.ec\/LOTAIP2020\/Febrero\/literal%20c)%20Remuneraci%C3%B3n%20mensual%20por%20puesto.pdf\" target=\"_blank\" rel=\"noopener noreferrer\">literal c) Remuneraci\u00f3n mensual por puesto<\/a><\/p>\n<p><a title=\"SERVICIOS\" href=\"https:\/\/www.santarosa.gob.ec\/LOTAIP2020\/Febrero\/literal%20d)%20Servicios%20que%20ofrece%20y%20la%20forma%20de%20acceder%20a%20ellos.pdf\" target=\"_blank\" rel=\"noopener noreferrer\">\u00a0literal d) Servicios que ofrece y la forma de acceder a ellos<\/a><\/p>\n<p><a title=\"CONTRATOS COLECTIVOS\" href=\"https:\/\/www.santarosa.gob.ec\/LOTAIP2020\/Febrero\/literal%20e)%20Texto%20%C3%ADntegro%20de%20contratos%20colectivos%20vigentes.pdf\" target=\"_blank\" rel=\"noopener noreferrer\">literal e) Texto \u00edntegro de contratos colectivos vigentes<\/a><\/p>\n<p><a title=\"SOLICITUDES\" href=\"https:\/\/www.santarosa.gob.ec\/LOTAIP2020\/Febrero\/literal%20f1)%20Formularios%20o%20formatos%20de%20solicitudes.pdf\" target=\"_blank\" rel=\"noopener noreferrer\">literal f1) Formularios o formatos de solicitudes<\/a><\/p>\n<p><a title=\"SOLICITUD INFORMACI\u00d3N\" href=\"https:\/\/www.santarosa.gob.ec\/phocadownload\/Formularios%20y%20solicitudes\/literal%20f2)%20Formulario%20solicitud%20acceso%20informacion%20publica.pdf\" target=\"_blank\" rel=\"noopener noreferrer\">literal f2) Formulario solicitud acceso informaci\u00f3n publica<\/a><\/p>\n<p><a title=\"PRESUPUESTO\" href=\"https:\/\/www.santarosa.gob.ec\/LOTAIP2020\/Febrero\/literal%20g)%20Presupuesto%20de%20la%20instituci%C3%B3n.pdf\" target=\"_blank\" rel=\"noopener noreferrer\">literal g) Presupuesto de la instituci\u00f3n<\/a><\/p>\n<p><a title=\"AUDITORIAS\" href=\"https:\/\/www.santarosa.gob.ec\/LOTAIP2020\/Febrero\/literal%20h)%20Resultados%20de%20auditor%C3%ADas%20internas%20y%20gubernamentales.pdf\" target=\"_blank\" rel=\"noopener noreferrer\">literal h) Resultados de auditorias internas y gubernamentales<\/a><\/p>\n<p><a title=\"CONTRATACIONES\" href=\"https:\/\/www.santarosa.gob.ec\/LOTAIP2020\/Febrero\/literal%20i)%20Procesos%20de%20contrataciones.pdf\" target=\"_blank\" rel=\"noopener noreferrer\">literal i) Procesos de contrataciones<\/a><\/p>\n<p><a title=\"CONTRATISTAS INCUMPLIDOS\" href=\"https:\/\/www.santarosa.gob.ec\/LOTAIP2020\/Febrero\/literal%20j)%20Empresas%20y%20personas%20que%20han%20incumplido%20contratos.pdf\" target=\"_blank\" rel=\"noopener noreferrer\">literal j) Empresas y personas que han incumplido contratos<\/a><\/p>\n<p><a title=\"PLANES Y PROGRAMAS\" href=\"https:\/\/www.santarosa.gob.ec\/LOTAIP2020\/Febrero\/literal%20k)%20Planes%20y%20programas%20en%20ejecuci%C3%B3n.pdf\" target=\"_blank\" rel=\"noopener noreferrer\">literal k) Planes y programas en ejecuci\u00f3n<\/a><\/p>\n<p><a title=\"CR\u00c9DITOS\" href=\"https:\/\/www.santarosa.gob.ec\/LOTAIP2020\/Febrero\/literal%20l)%20Contratos%20de%20cr%C3%A9dito%20externos%20o%20internos.pdf\" target=\"_blank\" rel=\"noopener noreferrer\">literal l) Contratos de cr\u00e9dito externos o internos<\/a><\/p>\n<p><a title=\"Mecanismos de rendici\u00f3n\" href=\"https:\/\/www.santarosa.gob.ec\/LOTAIP2020\/Febrero\/literal%20m)%20Mecanismos%20de%20rendicio%CC%81n%20de%20cuentas%20a%20la%20ciudadani%CC%81a.pdf\" target=\"_blank\" rel=\"noopener noreferrer\">literal m) Mecanismos de rendici\u00f3n de cuentas a la ciudadan\u00eda<\/a><\/p>\n<p><a title=\"VI\u00c1TICOS\" href=\"https:\/\/www.santarosa.gob.ec\/LOTAIP2020\/Febrero\/literal%20n)%20Vi%C3%A1ticos%20informes%20de%20trabajo%20y%20justificativos.pdf\" target=\"_blank\" rel=\"noopener noreferrer\">literal n) Vi\u00e1ticos informes de trabajo y justificativos<\/a><\/p>\n<p><a title=\"RESPONSABLE DE LA INFORMACI\u00d3N\" href=\"https:\/\/www.santarosa.gob.ec\/LOTAIP2020\/Febrero\/literal%20o)%20Responsable%20de%20atender%20la%20informaci%C3%B3n%20p%C3%BAblica.pdf\" target=\"_blank\" rel=\"noopener noreferrer\">literal o) Responsable de atender la informaci\u00f3n p\u00fablica<\/a><\/p>\n<p><a title=\"RESOLUCIONES\" href=\"https:\/\/www.santarosa.gob.ec\/index_antigua.php\/ordenanzas-resol\" target=\"_blank\" rel=\"noopener noreferrer\">literal q) Texto \u00edntegro de las resoluciones<\/a><\/p>\n<p><a title=\"RESOLUCIONES\" href=\"https:\/\/www.santarosa.gob.ec\/LOTAIP2020\/Febrero\/literal%20s)%20Organismos%20seccionales%20resoluciones.pdf\" target=\"_blank\" rel=\"noopener noreferrer\">literal s) Organismos seccionales resoluciones<\/a>[\/vc_column_text]<\/div><\/div><!-- \/.sc_content -->[\/vc_column][vc_column width=\u00bb1\/6&#8243;][\/vc_column][\/vc_row][vc_row][vc_column][vc_empty_space hide_on_mobile=\u00bb\u00bb][vc_empty_space hide_on_mobile=\u00bb\u00bb][vc_empty_space hide_on_mobile=\u00bb\u00bb][\/vc_column][\/vc_row]<\/p>\n","protected":false},"excerpt":{"rendered":"<p>vc_row][vc_column][vc_empty_space hide_on_mobile=\u00bb\u00bb][vc_empty_space hide_on_mobile=\u00bb\u00bb][vc_empty_space hide_on_mobile=\u00bb\u00bb][\/vc_column][\/vc_row][vc_row][vc_column width=\u00bb1\/4&#8243; css=\u00bb.vc_custom_1591468464434{background-color: #ffffff !important;}\u00bb][vc_tta_accordion c_icon=\u00bbchevron\u00bb active_section=\u00bb1&#8243; collapsible_all=\u00bbtrue\u00bb css=\u00bb.vc_custom_1591468408140{background-color: #f7f7f7 !important;}\u00bb] [vc_tta_section title=\u00bbLOTAIP 2023&#8243; tab_id=\u00bb1677272985742-2e18d2eb-fb0b\u00bb][vc_wp_custommenu nav_menu=\u00bb289&#8243;][\/vc_tta_section] [vc_tta_section title=\u00bbLOTAIP 2022&#8243; tab_id=\u00bb1644334259117-b0c515e9-587f\u00bb][vc_wp_custommenu nav_menu=\u00bb205&#8243;][\/vc_tta_section] [vc_tta_section title=\u00bbLOTAIP 2021&#8243; tab_id=\u00bb1622842918236-61e0023d-22b2&#8243;][vc_wp_custommenu nav_menu=\u00bb148&#8243;][\/vc_tta_section] [vc_tta_section title=\u00bbLOTAIP 2020&#8243; tab_id=\u00bb1591401279728-5bfab73a-67ad\u00bb][vc_wp_custommenu nav_menu=\u00bb44&#8243;][\/vc_tta_section] [vc_tta_section title=\u00bbLOTAIP 2019&#8243; tab_id=\u00bb1591401279753-e554b2aa-c665&#8243;][vc_wp_custommenu nav_menu=\u00bb45&#8243;][\/vc_tta_section] [vc_tta_section&hellip;<\/p>\n","protected":false},"author":1,"featured_media":0,"parent":0,"menu_order":0,"comment_status":"closed","ping_status":"closed","template":"","meta":{"footnotes":""},"class_list":["post-1876","page","type-page","status-publish","hentry"],"yoast_head":"<!-- This site is optimized with the Yoast SEO plugin v26.8 - https:\/\/yoast.com\/product\/yoast-seo-wordpress\/ -->\n<title>LOTAIP 2015 Diciembre - GAD Municipal del Cant\u00f3n Santa Rosa<\/title>\n<meta name=\"robots\" content=\"index, follow, max-snippet:-1, max-image-preview:large, max-video-preview:-1\" \/>\n<link rel=\"canonical\" href=\"https:\/\/www.santarosa.gob.ec\/web\/gad-municipal-2015-diciembre\/\" \/>\n<meta property=\"og:locale\" content=\"es_ES\" \/>\n<meta property=\"og:type\" content=\"article\" \/>\n<meta property=\"og:title\" content=\"LOTAIP 2015 Diciembre - GAD Municipal del Cant\u00f3n Santa Rosa\" \/>\n<meta property=\"og:description\" content=\"vc_row][vc_column][vc_empty_space hide_on_mobile=\u00bb\u00bb][vc_empty_space hide_on_mobile=\u00bb\u00bb][vc_empty_space hide_on_mobile=\u00bb\u00bb][\/vc_column][\/vc_row][vc_row][vc_column width=\u00bb1\/4&#8243; css=\u00bb.vc_custom_1591468464434{background-color: #ffffff !important;}\u00bb][vc_tta_accordion c_icon=\u00bbchevron\u00bb active_section=\u00bb1&#8243; collapsible_all=\u00bbtrue\u00bb css=\u00bb.vc_custom_1591468408140{background-color: #f7f7f7 !important;}\u00bb] [vc_tta_section title=\u00bbLOTAIP 2023&#8243; tab_id=\u00bb1677272985742-2e18d2eb-fb0b\u00bb][vc_wp_custommenu nav_menu=\u00bb289&#8243;][\/vc_tta_section] [vc_tta_section title=\u00bbLOTAIP 2022&#8243; tab_id=\u00bb1644334259117-b0c515e9-587f\u00bb][vc_wp_custommenu nav_menu=\u00bb205&#8243;][\/vc_tta_section] [vc_tta_section title=\u00bbLOTAIP 2021&#8243; tab_id=\u00bb1622842918236-61e0023d-22b2&#8243;][vc_wp_custommenu nav_menu=\u00bb148&#8243;][\/vc_tta_section] [vc_tta_section title=\u00bbLOTAIP 2020&#8243; tab_id=\u00bb1591401279728-5bfab73a-67ad\u00bb][vc_wp_custommenu nav_menu=\u00bb44&#8243;][\/vc_tta_section] [vc_tta_section title=\u00bbLOTAIP 2019&#8243; tab_id=\u00bb1591401279753-e554b2aa-c665&#8243;][vc_wp_custommenu nav_menu=\u00bb45&#8243;][\/vc_tta_section] [vc_tta_section&hellip;\" \/>\n<meta property=\"og:url\" content=\"https:\/\/www.santarosa.gob.ec\/web\/gad-municipal-2015-diciembre\/\" \/>\n<meta property=\"og:site_name\" content=\"GAD Municipal del Cant\u00f3n Santa Rosa\" \/>\n<meta property=\"article:modified_time\" content=\"2023-02-24T21:31:52+00:00\" \/>\n<meta name=\"twitter:card\" content=\"summary_large_image\" \/>\n<meta name=\"twitter:label1\" content=\"Tiempo de lectura\" \/>\n\t<meta name=\"twitter:data1\" content=\"4 minutos\" \/>\n<script type=\"application\/ld+json\" class=\"yoast-schema-graph\">{\"@context\":\"https:\/\/schema.org\",\"@graph\":[{\"@type\":\"WebPage\",\"@id\":\"https:\/\/www.santarosa.gob.ec\/web\/gad-municipal-2015-diciembre\/\",\"url\":\"https:\/\/www.santarosa.gob.ec\/web\/gad-municipal-2015-diciembre\/\",\"name\":\"LOTAIP 2015 Diciembre - GAD Municipal del Cant\u00f3n Santa Rosa\",\"isPartOf\":{\"@id\":\"https:\/\/www.santarosa.gob.ec\/web\/#website\"},\"datePublished\":\"2020-06-01T05:37:10+00:00\",\"dateModified\":\"2023-02-24T21:31:52+00:00\",\"breadcrumb\":{\"@id\":\"https:\/\/www.santarosa.gob.ec\/web\/gad-municipal-2015-diciembre\/#breadcrumb\"},\"inLanguage\":\"es\",\"potentialAction\":[{\"@type\":\"ReadAction\",\"target\":[\"https:\/\/www.santarosa.gob.ec\/web\/gad-municipal-2015-diciembre\/\"]}]},{\"@type\":\"BreadcrumbList\",\"@id\":\"https:\/\/www.santarosa.gob.ec\/web\/gad-municipal-2015-diciembre\/#breadcrumb\",\"itemListElement\":[{\"@type\":\"ListItem\",\"position\":1,\"name\":\"Portada\",\"item\":\"https:\/\/www.santarosa.gob.ec\/web\/\"},{\"@type\":\"ListItem\",\"position\":2,\"name\":\"LOTAIP 2015 Diciembre\"}]},{\"@type\":\"WebSite\",\"@id\":\"https:\/\/www.santarosa.gob.ec\/web\/#website\",\"url\":\"https:\/\/www.santarosa.gob.ec\/web\/\",\"name\":\"GAD Municipal del Cant\u00f3n Santa Rosa\",\"description\":\"\",\"potentialAction\":[{\"@type\":\"SearchAction\",\"target\":{\"@type\":\"EntryPoint\",\"urlTemplate\":\"https:\/\/www.santarosa.gob.ec\/web\/?s={search_term_string}\"},\"query-input\":{\"@type\":\"PropertyValueSpecification\",\"valueRequired\":true,\"valueName\":\"search_term_string\"}}],\"inLanguage\":\"es\"}]}<\/script>\n<!-- \/ Yoast SEO plugin. -->","yoast_head_json":{"title":"LOTAIP 2015 Diciembre - GAD Municipal del Cant\u00f3n Santa Rosa","robots":{"index":"index","follow":"follow","max-snippet":"max-snippet:-1","max-image-preview":"max-image-preview:large","max-video-preview":"max-video-preview:-1"},"canonical":"https:\/\/www.santarosa.gob.ec\/web\/gad-municipal-2015-diciembre\/","og_locale":"es_ES","og_type":"article","og_title":"LOTAIP 2015 Diciembre - GAD Municipal del Cant\u00f3n Santa Rosa","og_description":"vc_row][vc_column][vc_empty_space hide_on_mobile=\u00bb\u00bb][vc_empty_space hide_on_mobile=\u00bb\u00bb][vc_empty_space hide_on_mobile=\u00bb\u00bb][\/vc_column][\/vc_row][vc_row][vc_column width=\u00bb1\/4&#8243; css=\u00bb.vc_custom_1591468464434{background-color: #ffffff !important;}\u00bb][vc_tta_accordion c_icon=\u00bbchevron\u00bb active_section=\u00bb1&#8243; collapsible_all=\u00bbtrue\u00bb css=\u00bb.vc_custom_1591468408140{background-color: #f7f7f7 !important;}\u00bb] [vc_tta_section title=\u00bbLOTAIP 2023&#8243; tab_id=\u00bb1677272985742-2e18d2eb-fb0b\u00bb][vc_wp_custommenu nav_menu=\u00bb289&#8243;][\/vc_tta_section] [vc_tta_section title=\u00bbLOTAIP 2022&#8243; tab_id=\u00bb1644334259117-b0c515e9-587f\u00bb][vc_wp_custommenu nav_menu=\u00bb205&#8243;][\/vc_tta_section] [vc_tta_section title=\u00bbLOTAIP 2021&#8243; tab_id=\u00bb1622842918236-61e0023d-22b2&#8243;][vc_wp_custommenu nav_menu=\u00bb148&#8243;][\/vc_tta_section] [vc_tta_section title=\u00bbLOTAIP 2020&#8243; tab_id=\u00bb1591401279728-5bfab73a-67ad\u00bb][vc_wp_custommenu nav_menu=\u00bb44&#8243;][\/vc_tta_section] [vc_tta_section title=\u00bbLOTAIP 2019&#8243; tab_id=\u00bb1591401279753-e554b2aa-c665&#8243;][vc_wp_custommenu nav_menu=\u00bb45&#8243;][\/vc_tta_section] [vc_tta_section&hellip;","og_url":"https:\/\/www.santarosa.gob.ec\/web\/gad-municipal-2015-diciembre\/","og_site_name":"GAD Municipal del Cant\u00f3n Santa Rosa","article_modified_time":"2023-02-24T21:31:52+00:00","twitter_card":"summary_large_image","twitter_misc":{"Tiempo de lectura":"4 minutos"},"schema":{"@context":"https:\/\/schema.org","@graph":[{"@type":"WebPage","@id":"https:\/\/www.santarosa.gob.ec\/web\/gad-municipal-2015-diciembre\/","url":"https:\/\/www.santarosa.gob.ec\/web\/gad-municipal-2015-diciembre\/","name":"LOTAIP 2015 Diciembre - GAD Municipal del Cant\u00f3n Santa Rosa","isPartOf":{"@id":"https:\/\/www.santarosa.gob.ec\/web\/#website"},"datePublished":"2020-06-01T05:37:10+00:00","dateModified":"2023-02-24T21:31:52+00:00","breadcrumb":{"@id":"https:\/\/www.santarosa.gob.ec\/web\/gad-municipal-2015-diciembre\/#breadcrumb"},"inLanguage":"es","potentialAction":[{"@type":"ReadAction","target":["https:\/\/www.santarosa.gob.ec\/web\/gad-municipal-2015-diciembre\/"]}]},{"@type":"BreadcrumbList","@id":"https:\/\/www.santarosa.gob.ec\/web\/gad-municipal-2015-diciembre\/#breadcrumb","itemListElement":[{"@type":"ListItem","position":1,"name":"Portada","item":"https:\/\/www.santarosa.gob.ec\/web\/"},{"@type":"ListItem","position":2,"name":"LOTAIP 2015 Diciembre"}]},{"@type":"WebSite","@id":"https:\/\/www.santarosa.gob.ec\/web\/#website","url":"https:\/\/www.santarosa.gob.ec\/web\/","name":"GAD Municipal del Cant\u00f3n Santa Rosa","description":"","potentialAction":[{"@type":"SearchAction","target":{"@type":"EntryPoint","urlTemplate":"https:\/\/www.santarosa.gob.ec\/web\/?s={search_term_string}"},"query-input":{"@type":"PropertyValueSpecification","valueRequired":true,"valueName":"search_term_string"}}],"inLanguage":"es"}]}},"_links":{"self":[{"href":"https:\/\/www.santarosa.gob.ec\/web\/wp-json\/wp\/v2\/pages\/1876","targetHints":{"allow":["GET"]}}],"collection":[{"href":"https:\/\/www.santarosa.gob.ec\/web\/wp-json\/wp\/v2\/pages"}],"about":[{"href":"https:\/\/www.santarosa.gob.ec\/web\/wp-json\/wp\/v2\/types\/page"}],"author":[{"embeddable":true,"href":"https:\/\/www.santarosa.gob.ec\/web\/wp-json\/wp\/v2\/users\/1"}],"replies":[{"embeddable":true,"href":"https:\/\/www.santarosa.gob.ec\/web\/wp-json\/wp\/v2\/comments?post=1876"}],"version-history":[{"count":0,"href":"https:\/\/www.santarosa.gob.ec\/web\/wp-json\/wp\/v2\/pages\/1876\/revisions"}],"wp:attachment":[{"href":"https:\/\/www.santarosa.gob.ec\/web\/wp-json\/wp\/v2\/media?parent=1876"}],"curies":[{"name":"wp","href":"https:\/\/api.w.org\/{rel}","templated":true}]}}