{"id":1163,"date":"2020-05-29T15:59:38","date_gmt":"2020-05-29T15:59:38","guid":{"rendered":"http:\/\/www.santarosa.gob.ec\/web\/?page_id=1163"},"modified":"2025-11-27T09:58:32","modified_gmt":"2025-11-27T14:58:32","slug":"informacion","status":"publish","type":"page","link":"https:\/\/www.santarosa.gob.ec\/web\/informacion\/","title":{"rendered":"Informaci\u00f3n"},"content":{"rendered":"<p>[vc_row][vc_column][vc_empty_space hide_on_mobile=\u00bb\u00bb][vc_empty_space hide_on_mobile=\u00bb\u00bb][vc_empty_space hide_on_mobile=\u00bb\u00bb][\/vc_column][\/vc_row][vc_row][vc_column width=\u00bb1\/6&#8243;][\/vc_column][vc_column width=\u00bb2\/3&#8243;]<div id=\"sc_content_667894011\"\n\t\tclass=\"sc_content sc_content_default\"><div class=\"sc_content_container\">[vc_column_text]<\/p>\n<h5>Cultura y Tradici\u00f3n<\/h5>\n<p>[\/vc_column_text]<\/div><\/div><!-- \/.sc_content -->[vc_empty_space hide_on_mobile=\u00bb\u00bb][vc_empty_space hide_on_mobile=\u00bb\u00bb]<div id=\"sc_content_975570548\"\n\t\tclass=\"sc_content sc_content_default sc_float_center\"><div class=\"sc_content_container\">[vc_column_text]<\/p>\n<p style=\"text-align: justify;\">El Soci\u00f3logo Velasco en su tesis se\u00f1ala que \u201cSeg\u00fan el historiador Federico Gonz\u00e1lez Su\u00e1rez, en remotos tiempos llegaron a la ciudad de Machala por el canal de Jambel\u00ed, unos aventureros procedentes de Guatemala denominados Quiches. Luego se internaron en los valles y alturas de la hoya de Tumbes.<\/p>\n<p style=\"text-align: justify;\">Adem\u00e1s, hay informaci\u00f3n de que dominaron esta provincia los Ca\u00f1ar\u00eds, los Punaes, los Mochicas,\u00a0Chim\u00fas o Yungas, provenientes de un Imperio poderoso y los indios colorados de la tribu de los Caras; que se establecieron especialmente en las costas de Machala, y en las hoyas de Zaruma poblaron las tribus de los Zarumas, Pacchas, Wizhagui\u00f1as y Yulugenses.<\/p>\n<p style=\"text-align: justify;\">Seg\u00fan el estudio realizado \u201cSe cree que los primeros habitantes donde hoy se ubica el cant\u00f3n Santa Rosa, fueron las tribus de los poceos, \u00e9poca de la conquista espa\u00f1ola. Durante ese tiempo se asegura haberse realizado en ese sitio denominado \u201cEl Conchal\u201d hacia arriba, el asentamiento de la actual poblaci\u00f3n y la primera fundaci\u00f3n a una distancia de un kil\u00f3metro y medio.<\/p>\n<p style=\"text-align: justify;\">La segunda fundaci\u00f3n se efectu\u00f3 en el a\u00f1o 1617, al margen izquierdo del r\u00edo de su nombre, los fundadores fueron los pacche\u00f1os, que tomaron posesi\u00f3n de estas tierras junto con algunos colonizadores franceses establecidos en el actual sitio Vir\u00f3n, seg\u00fan documentos.<\/p>\n<p style=\"text-align: justify;\">En 1824 Santa Rosa pasa a ser posesi\u00f3n del cant\u00f3n Zaruma que a su vez pertenece a la provincia de Loja, de acuerdo a la Ley Colombiana de Divisi\u00f3n Territorial de la Rep\u00fablica de Colombia. En 1828 con oportunidad de la Guerra con el Per\u00fa, declarada por Sim\u00f3n Bol\u00edvar, Santa Rosa pasa a formar parte de Machala y Guayaquil.<\/p>\n<p style=\"text-align: justify;\">Producida la conformaci\u00f3n de la Rep\u00fablica del Ecuador, en 1833 vuelve a ser parte de Zaruma y de Loja por Decreto Legislativo el 16 de octubre, como efecto de la nueva distribuci\u00f3n departamental que expresa el car\u00e1cter descentralizado, con decisiones aut\u00f3nomas.<\/p>\n<p style=\"text-align: justify;\">A fines del a\u00f1o de 1855, la parroquia Santa Rosa se agrega a Guayaquil, oficialmente, pero dos a\u00f1os m\u00e1s tarde, por Decreto Legislativo sancionado el 16 de diciembre de 1857, y puesto en vigencia en el mes de enero de 1858, Santa Rosa vuelve a pertenecer al cant\u00f3n Zaruma y a la provincia de Loja\u201d.<\/p>\n<p style=\"text-align: justify;\">\u201cEl 15 de octubre de 1859, se eleva a la categor\u00eda de cant\u00f3n Jambel\u00ed, con Santa Rosa como cabecera, dependiendo de la provincia de Loja. El decreto de creaci\u00f3n del cant\u00f3n Jambel\u00ed fue expedido por el Gobernador de la Provincia Federal de Loja, se\u00f1or Don Manuel Carri\u00f3n Pinzano.<\/p>\n<p style=\"text-align: justify;\">El 15 de septiembre de 1861 se suprime el cant\u00f3n Jambel\u00ed y santa Rosa se agrega al cant\u00f3n Machala.<\/p>\n<p style=\"text-align: justify;\">En 1877 se reuni\u00f3 en Ambato la Asamblea Constituyente, la ciudadan\u00eda env\u00eda una comisi\u00f3n que lleva como aspiraci\u00f3n la creaci\u00f3n de la provincia de Jambel\u00ed, Santa Rosa como cabecera provincial conformado por los cantones Santa Rosa, Machala y Zaruma, petici\u00f3n que fue negada.<\/p>\n<p style=\"text-align: justify;\">Sin embargo, personalidades como Pedro Carbo, Marino Cueva, Juan de Dios Corral que impusieron un sesgo distinto al parlamento, coadyuvan gestiones que lograron el 25 de julio de 1878, que el Gobierno Nacional presidido por el General Ignacio de Veintenilla, devuelva la categor\u00eda de cant\u00f3n, integrado por las parroquias de Arenillas y Jambel\u00ed, formando parte de la provincia de Guayaquil, seg\u00fan se analiza incluso en un <a style=\"color: inherit; text-decoration: none;\" href=\"https:\/\/seminararbeit-schreiben-lassen.com\/\">ghostwriter seminararbeit<\/a>, por tal acontecimiento hubo explosi\u00f3n popular.<\/p>\n<p>[\/vc_column_text]<\/div><\/div><!-- \/.sc_content -->[\/vc_column][vc_column width=\u00bb1\/6&#8243;][\/vc_column][\/vc_row][vc_row][vc_column][vc_empty_space hide_on_mobile=\u00bb\u00bb][vc_empty_space hide_on_mobile=\u00bb\u00bb][vc_empty_space hide_on_mobile=\u00bb\u00bb][\/vc_column][\/vc_row][vc_row][vc_column width=\u00bb1\/6&#8243;][\/vc_column][vc_column width=\u00bb2\/3&#8243;]<div id=\"sc_content_2022110184\"\n\t\tclass=\"sc_content sc_content_default\"><div class=\"sc_content_container\">[vc_column_text]<\/p>\n<table style=\"width: 100%;\" border=\"0\">\n<tbody>\n<tr>\n<td><span style=\"color: #ffffff;\"><strong>EPOCA<\/strong><\/span><\/td>\n<td><span style=\"color: #ffffff;\"><strong>HITOS<\/strong><\/span><\/td>\n<td><span style=\"color: #ffffff;\"><strong>INFLUENCIA<\/strong><\/span><\/td>\n<td><span style=\"color: #ffffff;\"><strong>PLANEAMIENTO<\/strong><\/span><\/td>\n<\/tr>\n<tr>\n<td>1550<\/td>\n<td>Primeros asentamiento poblados<\/td>\n<td>Surgimiento poblacional del actual cant\u00f3n<\/td>\n<td>Mejorar ordenamiento territorial urbano y rural<\/td>\n<\/tr>\n<tr>\n<td>1600<\/td>\n<td>Primera Fundaci\u00f3n de Santa Rosa<\/td>\n<td>Se consolida la presencia poblacional en la zona<\/td>\n<td>Impulsar el amor y apego por parte de los habitantes del cant\u00f3n<\/td>\n<\/tr>\n<tr>\n<td>1617<\/td>\n<td>Segunda Fundaci\u00f3n de Santa Rosa.<\/td>\n<td>Los fundadores pacche\u00f1os tomaron posesi\u00f3n de estas tierras junto a algunos colonizadores franceses<\/td>\n<td><\/td>\n<\/tr>\n<tr>\n<td>24\/Ago\/1617<\/td>\n<td>Falleci\u00f3 la Beata Santa Rosa de Lima (Isabel Flores de Oliva).<\/td>\n<td>Se confirma el nombre del cant\u00f3n en honor a la Beata Santa Rosa de Lima.<\/td>\n<td>Impulsar el esp\u00edritu religioso de los santarrose\u00f1os<\/td>\n<\/tr>\n<tr>\n<td>1824<\/td>\n<td>Santa Rosa pasa a ser parroquia del cant\u00f3n Zaruma, provincia de Loja.<\/td>\n<td>Se estrecha la presencia e influencia en el cant\u00f3n hacia Loja.<\/td>\n<td>Impulsar y desarrollar acciones para alcanzar la desconcentraci\u00f3n y descentralizaci\u00f3n a nivel cantonal y microregional<\/td>\n<\/tr>\n<tr>\n<td>1828<\/td>\n<td>Santa Rosa pasa a formar parte de Machala y Guayaquil.<\/td>\n<td>Agitaci\u00f3n y convulsi\u00f3n por la tendencia de monopolizaci\u00f3n de las tierras en haciendas cacaoteras.<\/td>\n<td>Impulsar y desarrollar acciones para alcanzar la desconcentraci\u00f3n y descentralizaci\u00f3n a nivel cantonal y microregional<\/td>\n<\/tr>\n<tr>\n<td>15\/Oct\/1859<\/td>\n<td>Santa Rosa elevada a la categor\u00eda de cant\u00f3n con el nombre de Jambel\u00ed con su cabecera cantonal Santa Rosa<\/td>\n<td>El Gobierno Federal de Loja presidido por Don Manuel Carri\u00f3n Pinzano eleva a la categor\u00eda de cant\u00f3n. \u00c9poca de inestabilidad pol\u00edtica<\/td>\n<td><\/td>\n<\/tr>\n<tr>\n<td>15\/Sep\/1861<\/td>\n<td>Se suprime el cant\u00f3n Jambel\u00ed y Santa Rosa se agrega al cant\u00f3n Machala<\/td>\n<td>Santa Rosa se convierte en basti\u00f3n progresista en la costa<\/td>\n<td>Mantener la unidad y esp\u00edritu de lucha de los habitantes del cant\u00f3n en defensa de sus derechos<\/td>\n<\/tr>\n<tr>\n<td>23\/Abr\/1884<\/td>\n<td>Santa Rosa pasa a ser parte de la Provincia de El Oro.<\/td>\n<td>Santa Rosa se convierte en el centro de la provincia de El Oro<\/td>\n<td><\/td>\n<\/tr>\n<tr>\n<td>1926<\/td>\n<td>Primer Aluvi\u00f3n de gran magnitud afecta al cant\u00f3n<\/td>\n<td>Estrago Socio-econ\u00f3mico<\/td>\n<td>Realizar proyectos de prevenci\u00f3n de desastres<\/td>\n<\/tr>\n<tr>\n<td>1936<\/td>\n<td>Creaci\u00f3n del Colegio Normal Rural Zoila Ugarte de Land\u00edvar.<\/td>\n<td>Inicia formaci\u00f3n de adolescentes y j\u00f3venes en el cant\u00f3n<\/td>\n<td>Mejorar la educaci\u00f3n especialmente en el sector rural del cant\u00f3n<\/td>\n<\/tr>\n<tr>\n<td>31\/Jul\/1941<\/td>\n<td>Inicia el cultivo de banano a gran escala<\/td>\n<td>Incertidumbre Psico-social y retraso econ\u00f3mico<\/td>\n<td>Mejorar el proceso de exportaci\u00f3n a gran escala de los productos agr\u00edcolas.<\/td>\n<\/tr>\n<tr>\n<td>1960<\/td>\n<td>Inicia el cultivo de banano a gran escala<\/td>\n<td>Promovi\u00f3 la Productividad bananera en el Cant\u00f3n y reactivaci\u00f3n econ\u00f3mica de los Santarrose\u00f1os<\/td>\n<td>Mejorar la actividad agr\u00edcola diversificando nuestros productos para la exportaci\u00f3n.<\/td>\n<\/tr>\n<tr>\n<td>1967<\/td>\n<td>Inicia el cultivo de camar\u00f3n en cautiverio<\/td>\n<td>El cant\u00f3n Santa Rosa se convierte en el pionero a nivel nacional en la producci\u00f3n de camar\u00f3n en Cautiverio<\/td>\n<td>Incentivar la producci\u00f3n de peque\u00f1os productores al emprendimiento.<\/td>\n<\/tr>\n<tr>\n<td>1976<\/td>\n<td>Creaci\u00f3n del Instituto Normal Superior No. 12<\/td>\n<td>Santa Rosa se convierte en semillero de docentes en la provincia y el Sur del Pa\u00eds<\/td>\n<td>Mejorar la infraestructura educativa y la capacitaci\u00f3n docente<\/td>\n<\/tr>\n<\/tbody>\n<\/table>\n<p>[\/vc_column_text]<\/div><\/div><!-- \/.sc_content -->[\/vc_column][vc_column width=\u00bb1\/6&#8243;][\/vc_column][\/vc_row][vc_row][vc_column][vc_empty_space hide_on_mobile=\u00bb\u00bb][vc_empty_space hide_on_mobile=\u00bb\u00bb][vc_empty_space hide_on_mobile=\u00bb\u00bb][\/vc_column][\/vc_row]<\/p>\n","protected":false},"excerpt":{"rendered":"<p>[vc_row][vc_column][vc_empty_space hide_on_mobile=\u00bb\u00bb][vc_empty_space hide_on_mobile=\u00bb\u00bb][vc_empty_space hide_on_mobile=\u00bb\u00bb][\/vc_column][\/vc_row][vc_row][vc_column width=\u00bb1\/6&#8243;][\/vc_column][vc_column width=\u00bb2\/3&#8243;][vc_empty_space hide_on_mobile=\u00bb\u00bb][vc_empty_space hide_on_mobile=\u00bb\u00bb][\/vc_column][vc_column width=\u00bb1\/6&#8243;][\/vc_column][\/vc_row][vc_row][vc_column][vc_empty_space hide_on_mobile=\u00bb\u00bb][vc_empty_space hide_on_mobile=\u00bb\u00bb][vc_empty_space hide_on_mobile=\u00bb\u00bb][\/vc_column][\/vc_row][vc_row][vc_column width=\u00bb1\/6&#8243;][\/vc_column][vc_column width=\u00bb2\/3&#8243;][\/vc_column][vc_column width=\u00bb1\/6&#8243;][\/vc_column][\/vc_row][vc_row][vc_column][vc_empty_space hide_on_mobile=\u00bb\u00bb][vc_empty_space hide_on_mobile=\u00bb\u00bb][vc_empty_space hide_on_mobile=\u00bb\u00bb][\/vc_column][\/vc_row]<\/p>\n","protected":false},"author":1,"featured_media":0,"parent":0,"menu_order":0,"comment_status":"closed","ping_status":"closed","template":"","meta":{"footnotes":""},"class_list":["post-1163","page","type-page","status-publish","hentry"],"yoast_head":"<!-- This site is optimized with the Yoast SEO plugin v26.8 - https:\/\/yoast.com\/product\/yoast-seo-wordpress\/ -->\n<title>Informaci\u00f3n - GAD Municipal del Cant\u00f3n Santa Rosa<\/title>\n<meta name=\"robots\" content=\"index, follow, max-snippet:-1, max-image-preview:large, max-video-preview:-1\" \/>\n<link rel=\"canonical\" href=\"https:\/\/www.santarosa.gob.ec\/web\/informacion\/\" \/>\n<meta property=\"og:locale\" content=\"es_ES\" \/>\n<meta property=\"og:type\" content=\"article\" \/>\n<meta property=\"og:title\" content=\"Informaci\u00f3n - GAD Municipal del Cant\u00f3n Santa Rosa\" \/>\n<meta property=\"og:description\" content=\"[vc_row][vc_column][vc_empty_space hide_on_mobile=\u00bb\u00bb][vc_empty_space hide_on_mobile=\u00bb\u00bb][vc_empty_space hide_on_mobile=\u00bb\u00bb][\/vc_column][\/vc_row][vc_row][vc_column width=\u00bb1\/6&#8243;][\/vc_column][vc_column width=\u00bb2\/3&#8243;][vc_empty_space hide_on_mobile=\u00bb\u00bb][vc_empty_space hide_on_mobile=\u00bb\u00bb][\/vc_column][vc_column width=\u00bb1\/6&#8243;][\/vc_column][\/vc_row][vc_row][vc_column][vc_empty_space hide_on_mobile=\u00bb\u00bb][vc_empty_space hide_on_mobile=\u00bb\u00bb][vc_empty_space hide_on_mobile=\u00bb\u00bb][\/vc_column][\/vc_row][vc_row][vc_column width=\u00bb1\/6&#8243;][\/vc_column][vc_column width=\u00bb2\/3&#8243;][\/vc_column][vc_column width=\u00bb1\/6&#8243;][\/vc_column][\/vc_row][vc_row][vc_column][vc_empty_space hide_on_mobile=\u00bb\u00bb][vc_empty_space hide_on_mobile=\u00bb\u00bb][vc_empty_space hide_on_mobile=\u00bb\u00bb][\/vc_column][\/vc_row]\" \/>\n<meta property=\"og:url\" content=\"https:\/\/www.santarosa.gob.ec\/web\/informacion\/\" \/>\n<meta property=\"og:site_name\" content=\"GAD Municipal del Cant\u00f3n Santa Rosa\" \/>\n<meta property=\"article:modified_time\" content=\"2025-11-27T14:58:32+00:00\" \/>\n<meta name=\"twitter:card\" content=\"summary_large_image\" \/>\n<meta name=\"twitter:label1\" content=\"Tiempo de lectura\" \/>\n\t<meta name=\"twitter:data1\" content=\"7 minutos\" \/>\n<script type=\"application\/ld+json\" class=\"yoast-schema-graph\">{\"@context\":\"https:\/\/schema.org\",\"@graph\":[{\"@type\":\"WebPage\",\"@id\":\"https:\/\/www.santarosa.gob.ec\/web\/informacion\/\",\"url\":\"https:\/\/www.santarosa.gob.ec\/web\/informacion\/\",\"name\":\"Informaci\u00f3n - GAD Municipal del Cant\u00f3n Santa Rosa\",\"isPartOf\":{\"@id\":\"https:\/\/www.santarosa.gob.ec\/web\/#website\"},\"datePublished\":\"2020-05-29T15:59:38+00:00\",\"dateModified\":\"2025-11-27T14:58:32+00:00\",\"breadcrumb\":{\"@id\":\"https:\/\/www.santarosa.gob.ec\/web\/informacion\/#breadcrumb\"},\"inLanguage\":\"es\",\"potentialAction\":[{\"@type\":\"ReadAction\",\"target\":[\"https:\/\/www.santarosa.gob.ec\/web\/informacion\/\"]}]},{\"@type\":\"BreadcrumbList\",\"@id\":\"https:\/\/www.santarosa.gob.ec\/web\/informacion\/#breadcrumb\",\"itemListElement\":[{\"@type\":\"ListItem\",\"position\":1,\"name\":\"Portada\",\"item\":\"https:\/\/www.santarosa.gob.ec\/web\/\"},{\"@type\":\"ListItem\",\"position\":2,\"name\":\"Informaci\u00f3n\"}]},{\"@type\":\"WebSite\",\"@id\":\"https:\/\/www.santarosa.gob.ec\/web\/#website\",\"url\":\"https:\/\/www.santarosa.gob.ec\/web\/\",\"name\":\"GAD Municipal del Cant\u00f3n Santa Rosa\",\"description\":\"\",\"potentialAction\":[{\"@type\":\"SearchAction\",\"target\":{\"@type\":\"EntryPoint\",\"urlTemplate\":\"https:\/\/www.santarosa.gob.ec\/web\/?s={search_term_string}\"},\"query-input\":{\"@type\":\"PropertyValueSpecification\",\"valueRequired\":true,\"valueName\":\"search_term_string\"}}],\"inLanguage\":\"es\"}]}<\/script>\n<!-- \/ Yoast SEO plugin. -->","yoast_head_json":{"title":"Informaci\u00f3n - GAD Municipal del Cant\u00f3n Santa Rosa","robots":{"index":"index","follow":"follow","max-snippet":"max-snippet:-1","max-image-preview":"max-image-preview:large","max-video-preview":"max-video-preview:-1"},"canonical":"https:\/\/www.santarosa.gob.ec\/web\/informacion\/","og_locale":"es_ES","og_type":"article","og_title":"Informaci\u00f3n - GAD Municipal del Cant\u00f3n Santa Rosa","og_description":"[vc_row][vc_column][vc_empty_space hide_on_mobile=\u00bb\u00bb][vc_empty_space hide_on_mobile=\u00bb\u00bb][vc_empty_space hide_on_mobile=\u00bb\u00bb][\/vc_column][\/vc_row][vc_row][vc_column width=\u00bb1\/6&#8243;][\/vc_column][vc_column width=\u00bb2\/3&#8243;][vc_empty_space hide_on_mobile=\u00bb\u00bb][vc_empty_space hide_on_mobile=\u00bb\u00bb][\/vc_column][vc_column width=\u00bb1\/6&#8243;][\/vc_column][\/vc_row][vc_row][vc_column][vc_empty_space hide_on_mobile=\u00bb\u00bb][vc_empty_space hide_on_mobile=\u00bb\u00bb][vc_empty_space hide_on_mobile=\u00bb\u00bb][\/vc_column][\/vc_row][vc_row][vc_column width=\u00bb1\/6&#8243;][\/vc_column][vc_column width=\u00bb2\/3&#8243;][\/vc_column][vc_column width=\u00bb1\/6&#8243;][\/vc_column][\/vc_row][vc_row][vc_column][vc_empty_space hide_on_mobile=\u00bb\u00bb][vc_empty_space hide_on_mobile=\u00bb\u00bb][vc_empty_space hide_on_mobile=\u00bb\u00bb][\/vc_column][\/vc_row]","og_url":"https:\/\/www.santarosa.gob.ec\/web\/informacion\/","og_site_name":"GAD Municipal del Cant\u00f3n Santa Rosa","article_modified_time":"2025-11-27T14:58:32+00:00","twitter_card":"summary_large_image","twitter_misc":{"Tiempo de lectura":"7 minutos"},"schema":{"@context":"https:\/\/schema.org","@graph":[{"@type":"WebPage","@id":"https:\/\/www.santarosa.gob.ec\/web\/informacion\/","url":"https:\/\/www.santarosa.gob.ec\/web\/informacion\/","name":"Informaci\u00f3n - GAD Municipal del Cant\u00f3n Santa Rosa","isPartOf":{"@id":"https:\/\/www.santarosa.gob.ec\/web\/#website"},"datePublished":"2020-05-29T15:59:38+00:00","dateModified":"2025-11-27T14:58:32+00:00","breadcrumb":{"@id":"https:\/\/www.santarosa.gob.ec\/web\/informacion\/#breadcrumb"},"inLanguage":"es","potentialAction":[{"@type":"ReadAction","target":["https:\/\/www.santarosa.gob.ec\/web\/informacion\/"]}]},{"@type":"BreadcrumbList","@id":"https:\/\/www.santarosa.gob.ec\/web\/informacion\/#breadcrumb","itemListElement":[{"@type":"ListItem","position":1,"name":"Portada","item":"https:\/\/www.santarosa.gob.ec\/web\/"},{"@type":"ListItem","position":2,"name":"Informaci\u00f3n"}]},{"@type":"WebSite","@id":"https:\/\/www.santarosa.gob.ec\/web\/#website","url":"https:\/\/www.santarosa.gob.ec\/web\/","name":"GAD Municipal del Cant\u00f3n Santa Rosa","description":"","potentialAction":[{"@type":"SearchAction","target":{"@type":"EntryPoint","urlTemplate":"https:\/\/www.santarosa.gob.ec\/web\/?s={search_term_string}"},"query-input":{"@type":"PropertyValueSpecification","valueRequired":true,"valueName":"search_term_string"}}],"inLanguage":"es"}]}},"_links":{"self":[{"href":"https:\/\/www.santarosa.gob.ec\/web\/wp-json\/wp\/v2\/pages\/1163","targetHints":{"allow":["GET"]}}],"collection":[{"href":"https:\/\/www.santarosa.gob.ec\/web\/wp-json\/wp\/v2\/pages"}],"about":[{"href":"https:\/\/www.santarosa.gob.ec\/web\/wp-json\/wp\/v2\/types\/page"}],"author":[{"embeddable":true,"href":"https:\/\/www.santarosa.gob.ec\/web\/wp-json\/wp\/v2\/users\/1"}],"replies":[{"embeddable":true,"href":"https:\/\/www.santarosa.gob.ec\/web\/wp-json\/wp\/v2\/comments?post=1163"}],"version-history":[{"count":0,"href":"https:\/\/www.santarosa.gob.ec\/web\/wp-json\/wp\/v2\/pages\/1163\/revisions"}],"wp:attachment":[{"href":"https:\/\/www.santarosa.gob.ec\/web\/wp-json\/wp\/v2\/media?parent=1163"}],"curies":[{"name":"wp","href":"https:\/\/api.w.org\/{rel}","templated":true}]}}