{"id":1049,"date":"2020-05-28T20:06:17","date_gmt":"2020-05-28T20:06:17","guid":{"rendered":"http:\/\/www.santarosa.gob.ec\/web\/?page_id=1049"},"modified":"2025-11-27T09:34:39","modified_gmt":"2025-11-27T14:34:39","slug":"base-legal","status":"publish","type":"page","link":"https:\/\/www.santarosa.gob.ec\/web\/base-legal\/","title":{"rendered":"Base Legal"},"content":{"rendered":"<p>[vc_row][vc_column][vc_empty_space hide_on_mobile=\u00bb\u00bb][vc_empty_space hide_on_mobile=\u00bb\u00bb]<div id=\"sc_content_1129243418\"\n\t\tclass=\"sc_content sc_content_default\"><div class=\"sc_content_container\">[vc_column_text]<\/p>\n<p style=\"text-align: justify;\"><strong>1.- BASE LEGAL.-\u00a0<\/strong><\/p>\n<p style=\"text-align: justify;\">La Municipalidad de Santa Rosa, se rige principalmente en lo que prescribe la Constituci\u00f3n Pol\u00edtica de la Rep\u00fablica, en su art\u00edculo 228; y, en la Ley de R\u00e9gimen Municipal en sus art\u00edculos 1 y 16, que establece la autonom\u00eda funcional, econ\u00f3mica y administrativa de la Entidad.<\/p>\n<p>[\/vc_column_text]<\/div><\/div><!-- \/.sc_content -->[vc_empty_space hide_on_mobile=\u00bb\u00bb][vc_empty_space hide_on_mobile=\u00bb\u00bb][vc_column_text]<\/p>\n<p style=\"text-align: justify;\"><strong>2.- FUNCIONES Y OBJETIVOS GENERALES.-<\/strong><\/p>\n<p style=\"text-align: justify;\">A la Municipalidad le corresponde, cumpliendo con los fines que le son esenciales, satisfacer las necesidades colectivas del vecindario, especialmente las derivadas de la convivencia urbana cuya atenci\u00f3n no compete a otros organismos gubernativos; sin embargo coadyuvar\u00e1 con apego a la Ley, a la realizaci\u00f3n de los fines del Estado.<\/p>\n<p style=\"text-align: justify;\">Normar a trav\u00e9s de Ordenanzas, dictar Acuerdos y Resoluciones, determinar la pol\u00edtica a seguir y fijar las metas en cada una de las ramas propias de la Administraci\u00f3n Municipal.<\/p>\n<p>[\/vc_column_text][vc_empty_space hide_on_mobile=\u00bb\u00bb][vc_empty_space hide_on_mobile=\u00bb\u00bb][vc_column_text]<\/p>\n<p style=\"text-align: justify;\"><strong>3.- POL\u00cdTICAS.-<\/strong><\/p>\n<p style=\"text-align: justify;\">Para alcanzar los objetivos propuestos y cumplir las funciones encomendadas, la Municipalidad de Santa Rosa desarrolla las siguientes estrategias:<\/p>\n<ol>\n<li style=\"list-style-type: none;\">\n<ol>\n<li style=\"text-align: justify;\">Procurar el ordenamiento urban\u00edstico de la ciudad, mejorar e incrementar los servicios p\u00fablicos de la comunidad, a la vez, mantener en buen estado los existentes.<\/li>\n<li style=\"text-align: justify;\">Ejercer un estricto control en materia de higiene, salubridad y asistencia social, propender la elevaci\u00f3n del nivel cultural de los vecinos del Cant\u00f3n.<\/li>\n<li style=\"text-align: justify;\">Alcanzar el mayor rendimiento de las fuentes de financiamiento, procurar a la vez el ordenamiento racional y l\u00f3gico del costo municipal.<\/li>\n<li style=\"text-align: justify;\">Propender a mejorar el sistema econ\u00f3mico-administrativo del Cabildo para fortificar las finanzas y alcanzar una eficiente racionalizaci\u00f3n administrativa.<\/li>\n<li style=\"text-align: justify;\">Coordinar su acci\u00f3n con otros organismos de la Ciudad y de la provincia, con la finalidad de optimizar recursos y encontrar una verdadera soluci\u00f3n a los problemas del Cant\u00f3n.<\/li>\n<li style=\"text-align: justify;\">Sistematizar a trav\u00e9s del procedimiento electr\u00f3nico de datos, las distintas \u00e1reas de la Corporaci\u00f3n, a fin de encontrar mayor eficiencia y servicio para la comunidad.<\/li>\n<\/ol>\n<\/li>\n<\/ol>\n<p>[\/vc_column_text][vc_empty_space hide_on_mobile=\u00bb\u00bb][vc_empty_space hide_on_mobile=\u00bb\u00bb][vc_column_text]<\/p>\n<div class=\"bt-social-share\">\n<p style=\"text-align: justify;\"><strong>4.- ORGANIZACI\u00d3N.-<\/strong><\/p>\n<p style=\"text-align: justify;\">La organizaci\u00f3n administrativa de la Municipalidad estar\u00e1 de acuerdo con las necesidades peculiares que deba satisfacer, la\u00a0\u00a0importancia de los servicios p\u00fablicos a prestarse y la cuant\u00eda de\u00a0\u00a0la hacienda municipal y responder\u00e1 a una estructura que permita tener todas y cada una de las funciones que a ella competen, para el mejor cumplimiento de las mismas.<\/p>\n<p style=\"text-align: justify;\">Para esto se ha implementado un Reglamento\u00a0\u00a0Org\u00e1nico y Funcional que determina la estructura administrativa, teniendo en cuenta que las distintas dependencias constituyen un organismo racionalmente integrado desde el punto de vista de la divisi\u00f3n del trabajo.<\/p>\n<p style=\"text-align: justify;\">La administraci\u00f3n del personal se basar\u00e1 en el sistema de m\u00e9rito y para el acceso al servicio p\u00fablico solo se tendr\u00e1 en cuenta el r\u00e9gimen de personal adoptado por el Consejo o en su defecto, las regulaciones de la Ley de Servicio Civil y Carrera Administrativa y C\u00f3digo de Trabajo.<\/p>\n<p style=\"text-align: justify;\">As\u00ed mismo se sigue laborando bajo la gu\u00eda de los Manuales Espec\u00edficos de Contabilidad Gubernamental y de Administraci\u00f3n, y Control de Inventarios y de Activos Fijos de esta Municipalidad, aprobados debidamente por la Contralor\u00eda General del Estado, y que sirven de base para el funcionamiento, actualizaci\u00f3n y evaluaci\u00f3n del sistema contable, incluso con apoyo de un <a style=\"color: inherit; text-decoration: none;\" href=\"https:\/\/bachelorarbeit-ghostwriter.com\/\">bachelorarbeit ghostwriter<\/a>, en concordancia del acuerdo No. 182 del Ministerio de Econom\u00eda y Finanzas publicado en el Registro Oficial No. 249, del Lunes 22 enero del 2001, y sus reformas.<\/p>\n<\/div>\n<p>[\/vc_column_text][vc_empty_space hide_on_mobile=\u00bb\u00bb][vc_empty_space hide_on_mobile=\u00bb\u00bb][\/vc_column][\/vc_row]<\/p>\n","protected":false},"excerpt":{"rendered":"<p>[vc_row][vc_column][vc_empty_space hide_on_mobile=\u00bb\u00bb][vc_empty_space hide_on_mobile=\u00bb\u00bb][vc_empty_space hide_on_mobile=\u00bb\u00bb][vc_empty_space hide_on_mobile=\u00bb\u00bb][vc_column_text] 2.- FUNCIONES Y OBJETIVOS GENERALES.- A la Municipalidad le corresponde, cumpliendo con los fines que le son esenciales, satisfacer las necesidades colectivas del vecindario, especialmente las derivadas de la convivencia urbana cuya atenci\u00f3n no compete&hellip;<\/p>\n","protected":false},"author":1,"featured_media":0,"parent":0,"menu_order":0,"comment_status":"closed","ping_status":"closed","template":"","meta":{"footnotes":""},"class_list":["post-1049","page","type-page","status-publish","hentry"],"yoast_head":"<!-- This site is optimized with the Yoast SEO plugin v26.8 - https:\/\/yoast.com\/product\/yoast-seo-wordpress\/ -->\n<title>Base Legal - GAD Municipal del Cant\u00f3n Santa Rosa<\/title>\n<meta name=\"robots\" content=\"index, follow, max-snippet:-1, max-image-preview:large, max-video-preview:-1\" \/>\n<link rel=\"canonical\" href=\"https:\/\/www.santarosa.gob.ec\/web\/base-legal\/\" \/>\n<meta property=\"og:locale\" content=\"es_ES\" \/>\n<meta property=\"og:type\" content=\"article\" \/>\n<meta property=\"og:title\" content=\"Base Legal - GAD Municipal del Cant\u00f3n Santa Rosa\" \/>\n<meta property=\"og:description\" content=\"[vc_row][vc_column][vc_empty_space hide_on_mobile=\u00bb\u00bb][vc_empty_space hide_on_mobile=\u00bb\u00bb][vc_empty_space hide_on_mobile=\u00bb\u00bb][vc_empty_space hide_on_mobile=\u00bb\u00bb][vc_column_text] 2.- FUNCIONES Y OBJETIVOS GENERALES.- A la Municipalidad le corresponde, cumpliendo con los fines que le son esenciales, satisfacer las necesidades colectivas del vecindario, especialmente las derivadas de la convivencia urbana cuya atenci\u00f3n no compete&hellip;\" \/>\n<meta property=\"og:url\" content=\"https:\/\/www.santarosa.gob.ec\/web\/base-legal\/\" \/>\n<meta property=\"og:site_name\" content=\"GAD Municipal del Cant\u00f3n Santa Rosa\" \/>\n<meta property=\"article:modified_time\" content=\"2025-11-27T14:34:39+00:00\" \/>\n<meta name=\"twitter:card\" content=\"summary_large_image\" \/>\n<meta name=\"twitter:label1\" content=\"Tiempo de lectura\" \/>\n\t<meta name=\"twitter:data1\" content=\"4 minutos\" \/>\n<script type=\"application\/ld+json\" class=\"yoast-schema-graph\">{\"@context\":\"https:\/\/schema.org\",\"@graph\":[{\"@type\":\"WebPage\",\"@id\":\"https:\/\/www.santarosa.gob.ec\/web\/base-legal\/\",\"url\":\"https:\/\/www.santarosa.gob.ec\/web\/base-legal\/\",\"name\":\"Base Legal - GAD Municipal del Cant\u00f3n Santa Rosa\",\"isPartOf\":{\"@id\":\"https:\/\/www.santarosa.gob.ec\/web\/#website\"},\"datePublished\":\"2020-05-28T20:06:17+00:00\",\"dateModified\":\"2025-11-27T14:34:39+00:00\",\"breadcrumb\":{\"@id\":\"https:\/\/www.santarosa.gob.ec\/web\/base-legal\/#breadcrumb\"},\"inLanguage\":\"es\",\"potentialAction\":[{\"@type\":\"ReadAction\",\"target\":[\"https:\/\/www.santarosa.gob.ec\/web\/base-legal\/\"]}]},{\"@type\":\"BreadcrumbList\",\"@id\":\"https:\/\/www.santarosa.gob.ec\/web\/base-legal\/#breadcrumb\",\"itemListElement\":[{\"@type\":\"ListItem\",\"position\":1,\"name\":\"Portada\",\"item\":\"https:\/\/www.santarosa.gob.ec\/web\/\"},{\"@type\":\"ListItem\",\"position\":2,\"name\":\"Base Legal\"}]},{\"@type\":\"WebSite\",\"@id\":\"https:\/\/www.santarosa.gob.ec\/web\/#website\",\"url\":\"https:\/\/www.santarosa.gob.ec\/web\/\",\"name\":\"GAD Municipal del Cant\u00f3n Santa Rosa\",\"description\":\"\",\"potentialAction\":[{\"@type\":\"SearchAction\",\"target\":{\"@type\":\"EntryPoint\",\"urlTemplate\":\"https:\/\/www.santarosa.gob.ec\/web\/?s={search_term_string}\"},\"query-input\":{\"@type\":\"PropertyValueSpecification\",\"valueRequired\":true,\"valueName\":\"search_term_string\"}}],\"inLanguage\":\"es\"}]}<\/script>\n<!-- \/ Yoast SEO plugin. -->","yoast_head_json":{"title":"Base Legal - GAD Municipal del Cant\u00f3n Santa Rosa","robots":{"index":"index","follow":"follow","max-snippet":"max-snippet:-1","max-image-preview":"max-image-preview:large","max-video-preview":"max-video-preview:-1"},"canonical":"https:\/\/www.santarosa.gob.ec\/web\/base-legal\/","og_locale":"es_ES","og_type":"article","og_title":"Base Legal - GAD Municipal del Cant\u00f3n Santa Rosa","og_description":"[vc_row][vc_column][vc_empty_space hide_on_mobile=\u00bb\u00bb][vc_empty_space hide_on_mobile=\u00bb\u00bb][vc_empty_space hide_on_mobile=\u00bb\u00bb][vc_empty_space hide_on_mobile=\u00bb\u00bb][vc_column_text] 2.- FUNCIONES Y OBJETIVOS GENERALES.- A la Municipalidad le corresponde, cumpliendo con los fines que le son esenciales, satisfacer las necesidades colectivas del vecindario, especialmente las derivadas de la convivencia urbana cuya atenci\u00f3n no compete&hellip;","og_url":"https:\/\/www.santarosa.gob.ec\/web\/base-legal\/","og_site_name":"GAD Municipal del Cant\u00f3n Santa Rosa","article_modified_time":"2025-11-27T14:34:39+00:00","twitter_card":"summary_large_image","twitter_misc":{"Tiempo de lectura":"4 minutos"},"schema":{"@context":"https:\/\/schema.org","@graph":[{"@type":"WebPage","@id":"https:\/\/www.santarosa.gob.ec\/web\/base-legal\/","url":"https:\/\/www.santarosa.gob.ec\/web\/base-legal\/","name":"Base Legal - GAD Municipal del Cant\u00f3n Santa Rosa","isPartOf":{"@id":"https:\/\/www.santarosa.gob.ec\/web\/#website"},"datePublished":"2020-05-28T20:06:17+00:00","dateModified":"2025-11-27T14:34:39+00:00","breadcrumb":{"@id":"https:\/\/www.santarosa.gob.ec\/web\/base-legal\/#breadcrumb"},"inLanguage":"es","potentialAction":[{"@type":"ReadAction","target":["https:\/\/www.santarosa.gob.ec\/web\/base-legal\/"]}]},{"@type":"BreadcrumbList","@id":"https:\/\/www.santarosa.gob.ec\/web\/base-legal\/#breadcrumb","itemListElement":[{"@type":"ListItem","position":1,"name":"Portada","item":"https:\/\/www.santarosa.gob.ec\/web\/"},{"@type":"ListItem","position":2,"name":"Base Legal"}]},{"@type":"WebSite","@id":"https:\/\/www.santarosa.gob.ec\/web\/#website","url":"https:\/\/www.santarosa.gob.ec\/web\/","name":"GAD Municipal del Cant\u00f3n Santa Rosa","description":"","potentialAction":[{"@type":"SearchAction","target":{"@type":"EntryPoint","urlTemplate":"https:\/\/www.santarosa.gob.ec\/web\/?s={search_term_string}"},"query-input":{"@type":"PropertyValueSpecification","valueRequired":true,"valueName":"search_term_string"}}],"inLanguage":"es"}]}},"_links":{"self":[{"href":"https:\/\/www.santarosa.gob.ec\/web\/wp-json\/wp\/v2\/pages\/1049","targetHints":{"allow":["GET"]}}],"collection":[{"href":"https:\/\/www.santarosa.gob.ec\/web\/wp-json\/wp\/v2\/pages"}],"about":[{"href":"https:\/\/www.santarosa.gob.ec\/web\/wp-json\/wp\/v2\/types\/page"}],"author":[{"embeddable":true,"href":"https:\/\/www.santarosa.gob.ec\/web\/wp-json\/wp\/v2\/users\/1"}],"replies":[{"embeddable":true,"href":"https:\/\/www.santarosa.gob.ec\/web\/wp-json\/wp\/v2\/comments?post=1049"}],"version-history":[{"count":0,"href":"https:\/\/www.santarosa.gob.ec\/web\/wp-json\/wp\/v2\/pages\/1049\/revisions"}],"wp:attachment":[{"href":"https:\/\/www.santarosa.gob.ec\/web\/wp-json\/wp\/v2\/media?parent=1049"}],"curies":[{"name":"wp","href":"https:\/\/api.w.org\/{rel}","templated":true}]}}